{"id":12057,"date":"2024-07-09T16:56:48","date_gmt":"2024-07-09T14:56:48","guid":{"rendered":"https:\/\/www.eklya.fr\/mentions-legales\/"},"modified":"2025-10-22T15:53:23","modified_gmt":"2025-10-22T13:53:23","slug":"legal-notices","status":"publish","type":"page","link":"https:\/\/www.eklya.fr\/en\/legal-notices\/","title":{"rendered":"Legal notices"},"content":{"rendered":"\t\t<div data-elementor-type=\"wp-page\" data-elementor-id=\"12057\" class=\"elementor elementor-12057 elementor-12\" data-elementor-post-type=\"page\">\n\t\t\t\t<div class=\"elementor-element elementor-element-4e54e77 ban_inte e-con-full e-flex e-con e-parent\" data-id=\"4e54e77\" data-element_type=\"container\" data-e-type=\"container\" data-settings=\"{&quot;background_background&quot;:&quot;classic&quot;}\">\n\t\t<div class=\"elementor-element elementor-element-02b434c breadcrumbs e-flex e-con-boxed e-con e-child\" data-id=\"02b434c\" data-element_type=\"container\" data-e-type=\"container\" data-settings=\"{&quot;position&quot;:&quot;absolute&quot;}\">\n\t\t\t\t\t<div class=\"e-con-inner\">\n\t\t\t\t<div class=\"elementor-element elementor-element-97f133b elementor-widget elementor-widget-breadcrumbs\" data-id=\"97f133b\" data-element_type=\"widget\" data-e-type=\"widget\" data-widget_type=\"breadcrumbs.default\">\n\t\t\t\t<div class=\"elementor-widget-container\">\n\t\t\t\t\t<p id=\"breadcrumbs\"><span><span><a href=\"https:\/\/www.eklya.fr\/en\/accueil\/\">Accueil<\/a><\/span><\/span><\/p>\t\t\t\t<\/div>\n\t\t\t\t<\/div>\n\t\t\t\t\t<\/div>\n\t\t\t\t<\/div>\n\t\t<div class=\"elementor-element elementor-element-ad3ab47 ban_content e-flex e-con-boxed e-con e-child\" data-id=\"ad3ab47\" data-element_type=\"container\" data-e-type=\"container\">\n\t\t\t\t\t<div class=\"e-con-inner\">\n\t\t\t\t<div class=\"elementor-element elementor-element-b39081a ban_titre elementor-widget__width-initial elementor-widget elementor-widget-heading\" data-id=\"b39081a\" data-element_type=\"widget\" data-e-type=\"widget\" data-widget_type=\"heading.default\">\n\t\t\t\t<div class=\"elementor-widget-container\">\n\t\t\t\t\t<h1 class=\"elementor-heading-title elementor-size-default\">mentions l\u00e9gales<\/h1>\t\t\t\t<\/div>\n\t\t\t\t<\/div>\n\t\t\t\t\t<\/div>\n\t\t\t\t<\/div>\n\t\t\t\t<\/div>\n\t\t<div class=\"elementor-element elementor-element-8483b07 e-flex e-con-boxed e-con e-parent\" data-id=\"8483b07\" data-element_type=\"container\" data-e-type=\"container\">\n\t\t\t\t\t<div class=\"e-con-inner\">\n\t\t\t\t<div class=\"elementor-element elementor-element-57b8e38 titre_spe_2c elementor-widget elementor-widget-heading\" data-id=\"57b8e38\" data-element_type=\"widget\" data-e-type=\"widget\" data-widget_type=\"heading.default\">\n\t\t\t\t<div class=\"elementor-widget-container\">\n\t\t\t\t\t<h2 class=\"elementor-heading-title elementor-size-default\">Denomination<\/h2>\t\t\t\t<\/div>\n\t\t\t\t<\/div>\n\t\t\t\t<div class=\"elementor-element elementor-element-c4247d9 elementor-widget elementor-widget-text-editor\" data-id=\"c4247d9\" data-element_type=\"widget\" data-e-type=\"widget\" data-widget_type=\"text-editor.default\">\n\t\t\t\t<div class=\"elementor-widget-container\">\n\t\t\t\t\t\t\t\t\t<p class=\"p1\" style=\"text-align: center;\">Eklya.fr<\/p><p class=\"p1\" style=\"text-align: center;\">S\u00e9bastien Arcos<\/p><p class=\"p1\" style=\"text-align: center;\">Head office: 11 Chemin du Petit Bois, 69130 \u00c9cully, France<\/p><p class=\"p1\" style=\"text-align: center;\"><strong>Design<br \/><\/strong>Noiise<\/p><p class=\"p1\" style=\"text-align: center;\"><strong>Development<br \/><\/strong>Noiise<\/p>\t\t\t\t\t\t\t\t<\/div>\n\t\t\t\t<\/div>\n\t\t\t\t\t<\/div>\n\t\t\t\t<\/div>\n\t\t<div class=\"elementor-element elementor-element-b527a47 e-flex e-con-boxed e-con e-parent\" data-id=\"b527a47\" data-element_type=\"container\" data-e-type=\"container\">\n\t\t\t\t\t<div class=\"e-con-inner\">\n\t\t<div class=\"elementor-element elementor-element-4adf5a9 e-con-full e-flex e-con e-child\" data-id=\"4adf5a9\" data-element_type=\"container\" data-e-type=\"container\">\n\t\t\t\t<div class=\"elementor-element elementor-element-d1f1be5 titre_spe_2c elementor-widget elementor-widget-heading\" data-id=\"d1f1be5\" data-element_type=\"widget\" data-e-type=\"widget\" data-widget_type=\"heading.default\">\n\t\t\t\t<div class=\"elementor-widget-container\">\n\t\t\t\t\t<h2 class=\"elementor-heading-title elementor-size-default\">Article 1 - Use of website content<\/h2>\t\t\t\t<\/div>\n\t\t\t\t<\/div>\n\t\t\t\t<div class=\"elementor-element elementor-element-6acb21e elementor-widget elementor-widget-text-editor\" data-id=\"6acb21e\" data-element_type=\"widget\" data-e-type=\"widget\" data-widget_type=\"text-editor.default\">\n\t\t\t\t<div class=\"elementor-widget-container\">\n\t\t\t\t\t\t\t\t\t<p>By using our website, users acknowledge that they have read and accepted our terms of use. Use of our website must comply with our terms of use, which may be modified at any time and without notice by EKLYA.<\/p><p>Visitors to our site are authorised to use its content, whether or not it is protected by copyright or other rights, solely for their personal needs within the framework of the contractual relations they have or are negotiating with EKLYA. The use of the data on our website may therefore only be carried out within the framework of a contract signed or under negotiation between the visitor and EKLYA. Visitors to our website are therefore prohibited from using any element of it for other purposes, in particular on their own websites or in their commercial documents intended for third parties, or from making it available to third parties for any reason whatsoever.<\/p><p>Visitors undertake to use the eklya.fr website only for purposes that comply with French law.<\/p><p>EKLYA cannot be held liable for any use of the data on its website that does not comply with these terms of use. EKLYA may seek, in particular through legal action, to stop any use of the data presented on this site that does not comply with these terms of use.<\/p>\t\t\t\t\t\t\t\t<\/div>\n\t\t\t\t<\/div>\n\t\t\t\t<\/div>\n\t\t\t\t\t<\/div>\n\t\t\t\t<\/div>\n\t\t<div class=\"elementor-element elementor-element-feef46b e-flex e-con-boxed e-con e-parent\" data-id=\"feef46b\" data-element_type=\"container\" data-e-type=\"container\">\n\t\t\t\t\t<div class=\"e-con-inner\">\n\t\t\t\t<div class=\"elementor-element elementor-element-eedbfea titre_spe_2c elementor-widget elementor-widget-heading\" data-id=\"eedbfea\" data-element_type=\"widget\" data-e-type=\"widget\" data-widget_type=\"heading.default\">\n\t\t\t\t<div class=\"elementor-widget-container\">\n\t\t\t\t\t<h2 class=\"elementor-heading-title elementor-size-default\">Article 2 - Legal notices\n<\/h2>\t\t\t\t<\/div>\n\t\t\t\t<\/div>\n\t\t\t\t<div class=\"elementor-element elementor-element-0c96613 elementor-widget elementor-widget-text-editor\" data-id=\"0c96613\" data-element_type=\"widget\" data-e-type=\"widget\" data-widget_type=\"text-editor.default\">\n\t\t\t\t<div class=\"elementor-widget-container\">\n\t\t\t\t\t\t\t\t\t<p class=\"p1\">The website is accessible at eklya.co.uk and is published and operated by the company identified below.<\/p><p class=\"p1\">Eklya.fr\/en\/<br \/>S\u00e9bastien Arcos<br \/>Head office: 11 Chemin du Petit Bois, 69130 \u00c9cully<\/p><p class=\"p1\">Visitors to our site should send any correspondence or complaints to the above physical or electronic address.<\/p>\t\t\t\t\t\t\t\t<\/div>\n\t\t\t\t<\/div>\n\t\t\t\t\t<\/div>\n\t\t\t\t<\/div>\n\t\t<div class=\"elementor-element elementor-element-83bd47e e-flex e-con-boxed e-con e-parent\" data-id=\"83bd47e\" data-element_type=\"container\" data-e-type=\"container\">\n\t\t\t\t\t<div class=\"e-con-inner\">\n\t\t\t\t<div class=\"elementor-element elementor-element-6dde688 titre_spe_2c elementor-widget elementor-widget-heading\" data-id=\"6dde688\" data-element_type=\"widget\" data-e-type=\"widget\" data-widget_type=\"heading.default\">\n\t\t\t\t<div class=\"elementor-widget-container\">\n\t\t\t\t\t<h2 class=\"elementor-heading-title elementor-size-default\">Article 3 - Data Protection Act<\/h2>\t\t\t\t<\/div>\n\t\t\t\t<\/div>\n\t\t\t\t<div class=\"elementor-element elementor-element-b55451c elementor-widget elementor-widget-text-editor\" data-id=\"b55451c\" data-element_type=\"widget\" data-e-type=\"widget\" data-widget_type=\"text-editor.default\">\n\t\t\t\t<div class=\"elementor-widget-container\">\n\t\t\t\t\t\t\t\t\t<p class=\"p1\">The information collected when you request services must be provided. Otherwise, the request will not be processed.<\/p><p class=\"p1\">The EKLYA website may contain links to other websites. We accept no responsibility for the practices and privacy policies governing these websites.<\/p>\t\t\t\t\t\t\t\t<\/div>\n\t\t\t\t<\/div>\n\t\t\t\t\t<\/div>\n\t\t\t\t<\/div>\n\t\t<div class=\"elementor-element elementor-element-dfaf354 e-flex e-con-boxed e-con e-parent\" data-id=\"dfaf354\" data-element_type=\"container\" data-e-type=\"container\">\n\t\t\t\t\t<div class=\"e-con-inner\">\n\t\t\t\t<div class=\"elementor-element elementor-element-549c5ce titre_spe_2c elementor-widget elementor-widget-heading\" data-id=\"549c5ce\" data-element_type=\"widget\" data-e-type=\"widget\" data-widget_type=\"heading.default\">\n\t\t\t\t<div class=\"elementor-widget-container\">\n\t\t\t\t\t<h2 class=\"elementor-heading-title elementor-size-default\">Article 4 - Copyright and intellectual property<\/h2>\t\t\t\t<\/div>\n\t\t\t\t<\/div>\n\t\t\t\t<div class=\"elementor-element elementor-element-5f5c411 elementor-widget elementor-widget-text-editor\" data-id=\"5f5c411\" data-element_type=\"widget\" data-e-type=\"widget\" data-widget_type=\"text-editor.default\">\n\t\t\t\t<div class=\"elementor-widget-container\">\n\t\t\t\t\t\t\t\t\t<p>The texts, drawings, programmes, photographs, slogans, logos, trademarks, intellectual works of all kinds, databases, etc., appearing on the eklya.fr website are the exclusive property of EKLYA and are protected by the provisions of the French Intellectual Property Code. Outside France, these elements are protected by copyright in all signatory states to the Berne Convention and international conventions relating to trademark rights, patents and designs.<\/p><p>With regard to elements protected by copyright in France (text, photographs, software, etc.), any reproduction, representation, modification, adaptation, distribution and\/or translation of any element of the eklya.fr website, in whole or in part, on any medium whatsoever (digital, paper, etc.) is prohibited without the express prior authorisation of EKLYA. etc.) is prohibited without the express prior authorisation of EKLYA.<\/p><p>Any use not expressly authorised constitutes a violation of copyright and an infringement under Articles L335-2 et seq. of the Intellectual Property Code. It may also constitute an act of unfair competition under Article 1382 of the Civil Code and a violation of image rights and\/or personality rights under Article 9 of the same code.<\/p><p>EKLYA may therefore take civil and\/or criminal legal action against any person who fails to comply with this prohibition.<\/p>\t\t\t\t\t\t\t\t<\/div>\n\t\t\t\t<\/div>\n\t\t\t\t\t<\/div>\n\t\t\t\t<\/div>\n\t\t\t\t<\/div>\n\t\t","protected":false},"excerpt":{"rendered":"<p>mentions l\u00e9gales D\u00e9nomination Eklya.fr S\u00e9bastien Arcos Si\u00e8ge social : 11 Chemin du Petit Bois, 69130 \u00c9cully Conception Noiise D\u00e9veloppement Noiise Article 1 &#8211; Utilisation des contenus du site Le fait d\u2019utiliser notre site internet implique que l\u2019utilisateur ait pris connaissance et accept\u00e9 nos conditions d\u2019utilisation. L\u2019utilisation de notre site internet doit s\u2019effectuer conform\u00e9ment \u00e0 nos [&hellip;]<\/p>\n","protected":false},"author":2,"featured_media":0,"parent":0,"menu_order":144,"comment_status":"closed","ping_status":"open","template":"","meta":{"_acf_changed":false,"inline_featured_image":false,"footnotes":""},"categories":[65],"tags":[],"class_list":["post-12057","page","type-page","status-publish","hentry","category-all-etudiant-en"],"acf":[],"yoast_head":"<!-- This site is optimized with the Yoast SEO plugin v27.4 - https:\/\/yoast.com\/product\/yoast-seo-wordpress\/ -->\n<title>Legal notices - Eklya<\/title>\n<meta name=\"robots\" content=\"index, follow, max-snippet:-1, max-image-preview:large, max-video-preview:-1\" \/>\n<link rel=\"canonical\" href=\"https:\/\/www.eklya.fr\/en\/legal-notices\/\" \/>\n<meta property=\"og:locale\" content=\"en_US\" \/>\n<meta property=\"og:type\" content=\"article\" \/>\n<meta property=\"og:title\" content=\"Legal notices - Eklya\" \/>\n<meta property=\"og:description\" content=\"mentions l\u00e9gales D\u00e9nomination Eklya.fr S\u00e9bastien Arcos Si\u00e8ge social : 11 Chemin du Petit Bois, 69130 \u00c9cully Conception Noiise D\u00e9veloppement Noiise Article 1 &#8211; Utilisation des contenus du site Le fait d\u2019utiliser notre site internet implique que l\u2019utilisateur ait pris connaissance et accept\u00e9 nos conditions d\u2019utilisation. L\u2019utilisation de notre site internet doit s\u2019effectuer conform\u00e9ment \u00e0 nos [&hellip;]\" \/>\n<meta property=\"og:url\" content=\"https:\/\/www.eklya.fr\/en\/legal-notices\/\" \/>\n<meta property=\"og:site_name\" content=\"Eklya\" \/>\n<meta property=\"article:modified_time\" content=\"2025-10-22T13:53:23+00:00\" \/>\n<meta name=\"twitter:card\" content=\"summary_large_image\" \/>\n<meta name=\"twitter:label1\" content=\"Est. reading time\" \/>\n\t<meta name=\"twitter:data1\" content=\"3 minutes\" \/>\n<script type=\"application\/ld+json\" class=\"yoast-schema-graph\">{\"@context\":\"https:\\\/\\\/schema.org\",\"@graph\":[{\"@type\":\"WebPage\",\"@id\":\"https:\\\/\\\/www.eklya.fr\\\/en\\\/legal-notices\\\/\",\"url\":\"https:\\\/\\\/www.eklya.fr\\\/en\\\/legal-notices\\\/\",\"name\":\"Legal notices - Eklya\",\"isPartOf\":{\"@id\":\"https:\\\/\\\/www.eklya.fr\\\/en\\\/#website\"},\"datePublished\":\"2024-07-09T14:56:48+00:00\",\"dateModified\":\"2025-10-22T13:53:23+00:00\",\"breadcrumb\":{\"@id\":\"https:\\\/\\\/www.eklya.fr\\\/en\\\/legal-notices\\\/#breadcrumb\"},\"inLanguage\":\"en-US\",\"potentialAction\":[{\"@type\":\"ReadAction\",\"target\":[\"https:\\\/\\\/www.eklya.fr\\\/en\\\/legal-notices\\\/\"]}]},{\"@type\":\"BreadcrumbList\",\"@id\":\"https:\\\/\\\/www.eklya.fr\\\/en\\\/legal-notices\\\/#breadcrumb\",\"itemListElement\":[{\"@type\":\"ListItem\",\"position\":1,\"name\":\"Accueil\",\"item\":\"https:\\\/\\\/www.eklya.fr\\\/en\\\/accueil\\\/\"},{\"@type\":\"ListItem\",\"position\":2,\"name\":\"Legal notices\"}]},{\"@type\":\"WebSite\",\"@id\":\"https:\\\/\\\/www.eklya.fr\\\/en\\\/#website\",\"url\":\"https:\\\/\\\/www.eklya.fr\\\/en\\\/\",\"name\":\"Eklya\",\"description\":\"Ecole de commerce\",\"publisher\":{\"@id\":\"https:\\\/\\\/www.eklya.fr\\\/en\\\/#organization\"},\"potentialAction\":[{\"@type\":\"SearchAction\",\"target\":{\"@type\":\"EntryPoint\",\"urlTemplate\":\"https:\\\/\\\/www.eklya.fr\\\/en\\\/?s={search_term_string}\"},\"query-input\":{\"@type\":\"PropertyValueSpecification\",\"valueRequired\":true,\"valueName\":\"search_term_string\"}}],\"inLanguage\":\"en-US\"},{\"@type\":\"Organization\",\"@id\":\"https:\\\/\\\/www.eklya.fr\\\/en\\\/#organization\",\"name\":\"Eklya\",\"url\":\"https:\\\/\\\/www.eklya.fr\\\/en\\\/\",\"logo\":{\"@type\":\"ImageObject\",\"inLanguage\":\"en-US\",\"@id\":\"https:\\\/\\\/www.eklya.fr\\\/en\\\/#\\\/schema\\\/logo\\\/image\\\/\",\"url\":\"https:\\\/\\\/www.eklya.fr\\\/wp-content\\\/uploads\\\/2024\\\/10\\\/logo-eklya-couleur.svg\",\"contentUrl\":\"https:\\\/\\\/www.eklya.fr\\\/wp-content\\\/uploads\\\/2024\\\/10\\\/logo-eklya-couleur.svg\",\"caption\":\"Eklya\"},\"image\":{\"@id\":\"https:\\\/\\\/www.eklya.fr\\\/en\\\/#\\\/schema\\\/logo\\\/image\\\/\"}}]}<\/script>\n<!-- \/ Yoast SEO plugin. -->","yoast_head_json":{"title":"Legal notices - Eklya","robots":{"index":"index","follow":"follow","max-snippet":"max-snippet:-1","max-image-preview":"max-image-preview:large","max-video-preview":"max-video-preview:-1"},"canonical":"https:\/\/www.eklya.fr\/en\/legal-notices\/","og_locale":"en_US","og_type":"article","og_title":"Legal notices - Eklya","og_description":"mentions l\u00e9gales D\u00e9nomination Eklya.fr S\u00e9bastien Arcos Si\u00e8ge social : 11 Chemin du Petit Bois, 69130 \u00c9cully Conception Noiise D\u00e9veloppement Noiise Article 1 &#8211; Utilisation des contenus du site Le fait d\u2019utiliser notre site internet implique que l\u2019utilisateur ait pris connaissance et accept\u00e9 nos conditions d\u2019utilisation. L\u2019utilisation de notre site internet doit s\u2019effectuer conform\u00e9ment \u00e0 nos [&hellip;]","og_url":"https:\/\/www.eklya.fr\/en\/legal-notices\/","og_site_name":"Eklya","article_modified_time":"2025-10-22T13:53:23+00:00","twitter_card":"summary_large_image","twitter_misc":{"Est. reading time":"3 minutes"},"schema":{"@context":"https:\/\/schema.org","@graph":[{"@type":"WebPage","@id":"https:\/\/www.eklya.fr\/en\/legal-notices\/","url":"https:\/\/www.eklya.fr\/en\/legal-notices\/","name":"Legal notices - Eklya","isPartOf":{"@id":"https:\/\/www.eklya.fr\/en\/#website"},"datePublished":"2024-07-09T14:56:48+00:00","dateModified":"2025-10-22T13:53:23+00:00","breadcrumb":{"@id":"https:\/\/www.eklya.fr\/en\/legal-notices\/#breadcrumb"},"inLanguage":"en-US","potentialAction":[{"@type":"ReadAction","target":["https:\/\/www.eklya.fr\/en\/legal-notices\/"]}]},{"@type":"BreadcrumbList","@id":"https:\/\/www.eklya.fr\/en\/legal-notices\/#breadcrumb","itemListElement":[{"@type":"ListItem","position":1,"name":"Accueil","item":"https:\/\/www.eklya.fr\/en\/accueil\/"},{"@type":"ListItem","position":2,"name":"Legal notices"}]},{"@type":"WebSite","@id":"https:\/\/www.eklya.fr\/en\/#website","url":"https:\/\/www.eklya.fr\/en\/","name":"Eklya","description":"Ecole de commerce","publisher":{"@id":"https:\/\/www.eklya.fr\/en\/#organization"},"potentialAction":[{"@type":"SearchAction","target":{"@type":"EntryPoint","urlTemplate":"https:\/\/www.eklya.fr\/en\/?s={search_term_string}"},"query-input":{"@type":"PropertyValueSpecification","valueRequired":true,"valueName":"search_term_string"}}],"inLanguage":"en-US"},{"@type":"Organization","@id":"https:\/\/www.eklya.fr\/en\/#organization","name":"Eklya","url":"https:\/\/www.eklya.fr\/en\/","logo":{"@type":"ImageObject","inLanguage":"en-US","@id":"https:\/\/www.eklya.fr\/en\/#\/schema\/logo\/image\/","url":"https:\/\/www.eklya.fr\/wp-content\/uploads\/2024\/10\/logo-eklya-couleur.svg","contentUrl":"https:\/\/www.eklya.fr\/wp-content\/uploads\/2024\/10\/logo-eklya-couleur.svg","caption":"Eklya"},"image":{"@id":"https:\/\/www.eklya.fr\/en\/#\/schema\/logo\/image\/"}}]}},"publishpress_future_action":{"enabled":false,"date":"2026-05-01 12:35:01","action":"change-status","newStatus":"draft","terms":[],"taxonomy":"category","extraData":[]},"publishpress_future_workflow_manual_trigger":{"enabledWorkflows":[]},"_links":{"self":[{"href":"https:\/\/www.eklya.fr\/en\/wp-json\/wp\/v2\/pages\/12057","targetHints":{"allow":["GET"]}}],"collection":[{"href":"https:\/\/www.eklya.fr\/en\/wp-json\/wp\/v2\/pages"}],"about":[{"href":"https:\/\/www.eklya.fr\/en\/wp-json\/wp\/v2\/types\/page"}],"author":[{"embeddable":true,"href":"https:\/\/www.eklya.fr\/en\/wp-json\/wp\/v2\/users\/2"}],"replies":[{"embeddable":true,"href":"https:\/\/www.eklya.fr\/en\/wp-json\/wp\/v2\/comments?post=12057"}],"version-history":[{"count":5,"href":"https:\/\/www.eklya.fr\/en\/wp-json\/wp\/v2\/pages\/12057\/revisions"}],"predecessor-version":[{"id":12062,"href":"https:\/\/www.eklya.fr\/en\/wp-json\/wp\/v2\/pages\/12057\/revisions\/12062"}],"wp:attachment":[{"href":"https:\/\/www.eklya.fr\/en\/wp-json\/wp\/v2\/media?parent=12057"}],"wp:term":[{"taxonomy":"category","embeddable":true,"href":"https:\/\/www.eklya.fr\/en\/wp-json\/wp\/v2\/categories?post=12057"},{"taxonomy":"post_tag","embeddable":true,"href":"https:\/\/www.eklya.fr\/en\/wp-json\/wp\/v2\/tags?post=12057"}],"curies":[{"name":"wp","href":"https:\/\/api.w.org\/{rel}","templated":true}]}}